{"id":64,"date":"2025-03-12T16:27:57","date_gmt":"2025-03-12T15:27:57","guid":{"rendered":"https:\/\/engadinwalks.com\/?page_id=64"},"modified":"2025-05-26T17:48:38","modified_gmt":"2025-05-26T15:48:38","slug":"walk-3","status":"publish","type":"page","link":"https:\/\/www.engadinwalks.com\/it\/walk-3\/","title":{"rendered":"Walk 3"},"content":{"rendered":"<div data-elementor-type=\"wp-page\" data-elementor-id=\"64\" class=\"elementor elementor-64\">\n\t\t\t\t<div class=\"elementor-element elementor-element-40481e3 e-flex e-con-boxed elementor-invisible e-con e-parent\" data-id=\"40481e3\" data-element_type=\"container\" data-settings=\"{&quot;background_background&quot;:&quot;classic&quot;,&quot;animation&quot;:&quot;fadeIn&quot;}\">\n\t\t\t\t\t<div class=\"e-con-inner\">\n\t\t<div class=\"elementor-element elementor-element-55a85296 e-con-full e-flex e-con e-child\" data-id=\"55a85296\" data-element_type=\"container\">\n\t\t<div class=\"elementor-element elementor-element-4e344d8b e-con-full e-flex e-con e-child\" data-id=\"4e344d8b\" data-element_type=\"container\">\n\t\t<div class=\"elementor-element elementor-element-6af09c21 e-flex e-con-boxed e-con e-child\" data-id=\"6af09c21\" data-element_type=\"container\">\n\t\t\t\t\t<div class=\"e-con-inner\">\n\t\t\t\t<div class=\"elementor-element elementor-element-1d998b6f elementor-invisible elementor-widget elementor-widget-heading\" data-id=\"1d998b6f\" data-element_type=\"widget\" data-settings=\"{&quot;_animation&quot;:&quot;fadeInUp&quot;,&quot;_animation_delay&quot;:400}\" data-widget_type=\"heading.default\">\n\t\t\t\t<div class=\"elementor-widget-container\">\n\t\t\t\t\t<h1 class=\"elementor-heading-title elementor-size-default\">Walk 3<\/h1>\t\t\t\t<\/div>\n\t\t\t\t<\/div>\n\t\t\t\t<div class=\"elementor-element elementor-element-a715d69 elementor-widget-tablet__width-initial elementor-invisible elementor-widget elementor-widget-text-editor\" data-id=\"a715d69\" data-element_type=\"widget\" data-settings=\"{&quot;_animation&quot;:&quot;fadeInUp&quot;,&quot;_animation_delay&quot;:500}\" data-widget_type=\"text-editor.default\">\n\t\t\t\t<div class=\"elementor-widget-container\">\n\t\t\t\t\t\t\t\t\t<p><strong>Villaggi Storici<\/strong> \u2013 Immergiti nel passato con una passeggiata nei centri di Samedan, Bever, Pontresina o Zuoz.<\/p>\t\t\t\t\t\t\t\t<\/div>\n\t\t\t\t<\/div>\n\t\t\t\t\t<\/div>\n\t\t\t\t<\/div>\n\t\t\t\t<\/div>\n\t\t\t\t<\/div>\n\t\t\t\t\t<\/div>\n\t\t\t\t<\/div>\n\t\t<div class=\"elementor-element elementor-element-764721f3 e-flex e-con-boxed e-con e-parent\" data-id=\"764721f3\" data-element_type=\"container\" data-settings=\"{&quot;background_background&quot;:&quot;classic&quot;}\">\n\t\t\t\t\t<div class=\"e-con-inner\">\n\t\t<div class=\"elementor-element elementor-element-3ac7645e e-con-full e-flex e-con e-child\" data-id=\"3ac7645e\" data-element_type=\"container\">\n\t\t\t\t<div class=\"elementor-element elementor-element-7b6f9ef8 elementor-widget__width-initial elementor-invisible elementor-widget elementor-widget-text-editor\" data-id=\"7b6f9ef8\" data-element_type=\"widget\" data-settings=\"{&quot;_animation&quot;:&quot;fadeInUp&quot;,&quot;_animation_delay&quot;:500}\" data-widget_type=\"text-editor.default\">\n\t\t\t\t<div class=\"elementor-widget-container\">\n\t\t\t\t\t\t\t\t\t<p><strong>Passeggiata nel villaggio storico: un viaggio nel tempo<\/strong><\/p><p><span data-olk-copy-source=\"MessageBody\">Fate un salto indietro nel tempo e immergetevi nella ricca storia e nel fascino culturale di alcuni dei villaggi pi\u00f9 pittoreschi della Svizzera. Questa passeggiata guidata vi condurr\u00e0 attraverso le vie lastricate di citt\u00e0 come S-Champf, Zuoz, Pontresina, Samedan e Bever.<\/span><\/p><p>Passeggiate nel cuore di questi villaggi storici, dove le case engadinesi splendidamente conservate, con le loro facciate finemente dipinte, sussurrano storie del passato. Esplorate monumenti come antiche chiese, residenze nobiliari e incantevoli piazze. Fermatevi ad ammirare lo splendido paesaggio alpino che ha arricchito generazioni di abitanti e visitatori.\u00a0<\/p><p><strong><em><u>Informazioni Importanti:<\/u><\/em><\/strong><\/p><ul><li><strong>Cosa Portare:<\/strong> Un piccolo zaino con acqua, snack, pranzo al sacco.<\/li><li><strong>Dress Code:<\/strong> Scarpe comode da passeggio, vestiti a strati adatti al clima montano e una giacca antipioggia.<\/li><\/ul>\t\t\t\t\t\t\t\t<\/div>\n\t\t\t\t<\/div>\n\t\t\t\t<\/div>\n\t\t\t\t\t<\/div>\n\t\t\t\t<\/div>\n\t\t<div class=\"elementor-element elementor-element-26f727e3 e-flex e-con-boxed e-con e-parent\" data-id=\"26f727e3\" data-element_type=\"container\" data-settings=\"{&quot;background_background&quot;:&quot;classic&quot;}\">\n\t\t\t\t\t<div class=\"e-con-inner\">\n\t\t<div class=\"elementor-element elementor-element-63c92586 e-con-full e-flex e-con e-child\" data-id=\"63c92586\" data-element_type=\"container\">\n\t\t\t\t<div class=\"elementor-element elementor-element-6d6987bf elementor-invisible elementor-widget elementor-widget-image\" data-id=\"6d6987bf\" data-element_type=\"widget\" data-settings=\"{&quot;_animation&quot;:&quot;fadeInUp&quot;,&quot;_animation_delay&quot;:500}\" data-widget_type=\"image.default\">\n\t\t\t\t<div class=\"elementor-widget-container\">\n\t\t\t\t\t\t\t\t\t\t\t\t\t\t\t\t<a href=\"https:\/\/www.engadinwalks.com\/wp-content\/uploads\/2025\/05\/Bever_-Chesa-Salis-2-scaled.jpg\" data-elementor-open-lightbox=\"yes\" data-elementor-lightbox-title=\"Bever_ Chesa Salis 2\" data-e-action-hash=\"#elementor-action%3Aaction%3Dlightbox%26settings%3DeyJpZCI6NDc3OSwidXJsIjoiaHR0cHM6XC9cL3d3dy5lbmdhZGlud2Fsa3MuY29tXC93cC1jb250ZW50XC91cGxvYWRzXC8yMDI1XC8wNVwvQmV2ZXJfLUNoZXNhLVNhbGlzLTItc2NhbGVkLmpwZyJ9\">\n\t\t\t\t\t\t\t<img fetchpriority=\"high\" decoding=\"async\" width=\"300\" height=\"225\" src=\"https:\/\/www.engadinwalks.com\/wp-content\/uploads\/2025\/05\/Bever_-Chesa-Salis-2-300x225.jpg\" class=\"elementor-animation-shrink attachment-medium size-medium wp-image-4779\" alt=\"\" srcset=\"https:\/\/www.engadinwalks.com\/wp-content\/uploads\/2025\/05\/Bever_-Chesa-Salis-2-300x225.jpg 300w, https:\/\/www.engadinwalks.com\/wp-content\/uploads\/2025\/05\/Bever_-Chesa-Salis-2-1024x768.jpg 1024w, https:\/\/www.engadinwalks.com\/wp-content\/uploads\/2025\/05\/Bever_-Chesa-Salis-2-768x576.jpg 768w, https:\/\/www.engadinwalks.com\/wp-content\/uploads\/2025\/05\/Bever_-Chesa-Salis-2-1536x1152.jpg 1536w, https:\/\/www.engadinwalks.com\/wp-content\/uploads\/2025\/05\/Bever_-Chesa-Salis-2-2048x1536.jpg 2048w, https:\/\/www.engadinwalks.com\/wp-content\/uploads\/2025\/05\/Bever_-Chesa-Salis-2-16x12.jpg 16w\" sizes=\"(max-width: 300px) 100vw, 300px\" \/>\t\t\t\t\t\t\t\t<\/a>\n\t\t\t\t\t\t\t\t\t\t\t\t\t\t\t<\/div>\n\t\t\t\t<\/div>\n\t\t\t\t<div class=\"elementor-element elementor-element-5e3f09ca elementor-invisible elementor-widget elementor-widget-heading\" data-id=\"5e3f09ca\" data-element_type=\"widget\" data-settings=\"{&quot;_animation&quot;:&quot;fadeInUp&quot;,&quot;_animation_delay&quot;:500}\" data-widget_type=\"heading.default\">\n\t\t\t\t<div class=\"elementor-widget-container\">\n\t\t\t\t\t<h2 class=\"elementor-heading-title elementor-size-default\"><a href=\"#\">bevanda<\/a><\/h2>\t\t\t\t<\/div>\n\t\t\t\t<\/div>\n\t\t\t\t<\/div>\n\t\t<div class=\"elementor-element elementor-element-924a782 e-con-full e-flex e-con e-child\" data-id=\"924a782\" data-element_type=\"container\">\n\t\t\t\t<div class=\"elementor-element elementor-element-8ce868c elementor-invisible elementor-widget elementor-widget-image\" data-id=\"8ce868c\" data-element_type=\"widget\" data-settings=\"{&quot;_animation&quot;:&quot;fadeInUp&quot;,&quot;_animation_delay&quot;:500}\" data-widget_type=\"image.default\">\n\t\t\t\t<div class=\"elementor-widget-container\">\n\t\t\t\t\t\t\t\t\t\t\t\t\t\t\t\t<a href=\"https:\/\/linen-eel-513095.hostingersite.com\/wp-content\/uploads\/2025\/03\/a5da3b1ba88757db1644ec378460c57297d2618b-5500x3666-1.webp\" data-elementor-open-lightbox=\"yes\" data-elementor-lightbox-title=\"La Punt - Chamues-ch\" data-e-action-hash=\"#elementor-action%3Aaction%3Dlightbox%26settings%3DeyJpZCI6MTIyMCwidXJsIjoiaHR0cHM6XC9cL3d3dy5lbmdhZGlud2Fsa3MuY29tXC93cC1jb250ZW50XC91cGxvYWRzXC8yMDI1XC8wM1wvYTVkYTNiMWJhODg3NTdkYjE2NDRlYzM3ODQ2MGM1NzI5N2QyNjE4Yi01NTAweDM2NjYtMS53ZWJwIn0%3D\">\n\t\t\t\t\t\t\t<img decoding=\"async\" width=\"1024\" height=\"683\" src=\"https:\/\/www.engadinwalks.com\/wp-content\/uploads\/2025\/03\/a5da3b1ba88757db1644ec378460c57297d2618b-5500x3666-1-1024x683.webp\" class=\"elementor-animation-shrink attachment-large size-large wp-image-1220\" alt=\"\" srcset=\"https:\/\/www.engadinwalks.com\/wp-content\/uploads\/2025\/03\/a5da3b1ba88757db1644ec378460c57297d2618b-5500x3666-1-1024x683.webp 1024w, https:\/\/www.engadinwalks.com\/wp-content\/uploads\/2025\/03\/a5da3b1ba88757db1644ec378460c57297d2618b-5500x3666-1-300x200.webp 300w, https:\/\/www.engadinwalks.com\/wp-content\/uploads\/2025\/03\/a5da3b1ba88757db1644ec378460c57297d2618b-5500x3666-1-768x512.webp 768w, https:\/\/www.engadinwalks.com\/wp-content\/uploads\/2025\/03\/a5da3b1ba88757db1644ec378460c57297d2618b-5500x3666-1-1536x1024.webp 1536w, https:\/\/www.engadinwalks.com\/wp-content\/uploads\/2025\/03\/a5da3b1ba88757db1644ec378460c57297d2618b-5500x3666-1.webp 1800w\" sizes=\"(max-width: 1024px) 100vw, 1024px\" \/>\t\t\t\t\t\t\t\t<\/a>\n\t\t\t\t\t\t\t\t\t\t\t\t\t\t\t<\/div>\n\t\t\t\t<\/div>\n\t\t\t\t<div class=\"elementor-element elementor-element-ce262da elementor-invisible elementor-widget elementor-widget-heading\" data-id=\"ce262da\" data-element_type=\"widget\" data-settings=\"{&quot;_animation&quot;:&quot;fadeInUp&quot;,&quot;_animation_delay&quot;:500}\" data-widget_type=\"heading.default\">\n\t\t\t\t<div class=\"elementor-widget-container\">\n\t\t\t\t\t<h2 class=\"elementor-heading-title elementor-size-default\"><a href=\"#\">La Punt<\/a><\/h2>\t\t\t\t<\/div>\n\t\t\t\t<\/div>\n\t\t\t\t<\/div>\n\t\t<div class=\"elementor-element elementor-element-cd04025 e-con-full e-flex e-con e-child\" data-id=\"cd04025\" data-element_type=\"container\">\n\t\t\t\t<div class=\"elementor-element elementor-element-523cf1e elementor-invisible elementor-widget elementor-widget-image\" data-id=\"523cf1e\" data-element_type=\"widget\" data-settings=\"{&quot;_animation&quot;:&quot;fadeInUp&quot;,&quot;_animation_delay&quot;:500}\" data-widget_type=\"image.default\">\n\t\t\t\t<div class=\"elementor-widget-container\">\n\t\t\t\t\t\t\t\t\t\t\t\t\t\t\t\t<a href=\"https:\/\/www.engadinwalks.com\/wp-content\/uploads\/2025\/05\/Celerina_Villa-Lavinatschas--scaled.jpg\" data-elementor-open-lightbox=\"yes\" data-elementor-lightbox-title=\"Celerina_Villa Lavinatschas\" data-e-action-hash=\"#elementor-action%3Aaction%3Dlightbox%26settings%3DeyJpZCI6NDc3MSwidXJsIjoiaHR0cHM6XC9cL3d3dy5lbmdhZGlud2Fsa3MuY29tXC93cC1jb250ZW50XC91cGxvYWRzXC8yMDI1XC8wNVwvQ2VsZXJpbmFfVmlsbGEtTGF2aW5hdHNjaGFzLS1zY2FsZWQuanBnIn0%3D\">\n\t\t\t\t\t\t\t<img decoding=\"async\" width=\"800\" height=\"450\" src=\"https:\/\/www.engadinwalks.com\/wp-content\/uploads\/2025\/05\/Celerina_Villa-Lavinatschas--800x450.jpg\" class=\"elementor-animation-shrink attachment-ocean-thumb-ml size-ocean-thumb-ml wp-image-4771\" alt=\"\" \/>\t\t\t\t\t\t\t\t<\/a>\n\t\t\t\t\t\t\t\t\t\t\t\t\t\t\t<\/div>\n\t\t\t\t<\/div>\n\t\t\t\t<div class=\"elementor-element elementor-element-843abe3 elementor-invisible elementor-widget elementor-widget-heading\" data-id=\"843abe3\" data-element_type=\"widget\" data-settings=\"{&quot;_animation&quot;:&quot;fadeInUp&quot;,&quot;_animation_delay&quot;:500}\" data-widget_type=\"heading.default\">\n\t\t\t\t<div class=\"elementor-widget-container\">\n\t\t\t\t\t<h2 class=\"elementor-heading-title elementor-size-default\"><a href=\"#\">celerina<\/a><\/h2>\t\t\t\t<\/div>\n\t\t\t\t<\/div>\n\t\t\t\t<\/div>\n\t\t\t\t\t<\/div>\n\t\t\t\t<\/div>\n\t\t<div class=\"elementor-element elementor-element-8beb220 e-flex e-con-boxed e-con e-parent\" data-id=\"8beb220\" data-element_type=\"container\">\n\t\t\t\t\t<div class=\"e-con-inner\">\n\t\t\t\t<div class=\"elementor-element elementor-element-ecbd01c elementor-widget elementor-widget-copyright\" data-id=\"ecbd01c\" data-element_type=\"widget\" data-widget_type=\"copyright.default\">\n\t\t\t\t<div class=\"elementor-widget-container\">\n\t\t\t\t\t\t\t<div class=\"hfe-copyright-wrapper\">\n\t\t\t\t\t\t\t<span>Copyright \u00a9 2026 ENGADINWALKS | Powered by ENGADINWALKS<\/span>\n\t\t\t\t\t<\/div>\n\t\t\t\t\t\t<\/div>\n\t\t\t\t<\/div>\n\t\t\t\t\t<\/div>\n\t\t\t\t<\/div>\n\t\t\t\t<\/div>","protected":false},"excerpt":{"rendered":"<p>Walk 3 Historic Village Stroll \u2013 Dive into the past with a cultural visit to villages like Samedan, Bever, Pontresina and Zuoz. Historic Village Stroll \u2013 A Journey Through Time [&hellip;]<\/p>","protected":false},"author":1,"featured_media":0,"parent":0,"menu_order":0,"comment_status":"closed","ping_status":"closed","template":"","meta":{"ocean_post_layout":"full-screen","ocean_both_sidebars_style":"","ocean_both_sidebars_content_width":0,"ocean_both_sidebars_sidebars_width":0,"ocean_sidebar":"","ocean_second_sidebar":"","ocean_disable_margins":"enable","ocean_add_body_class":"","ocean_shortcode_before_top_bar":"","ocean_shortcode_after_top_bar":"","ocean_shortcode_before_header":"","ocean_shortcode_after_header":"","ocean_has_shortcode":"","ocean_shortcode_after_title":"","ocean_shortcode_before_footer_widgets":"","ocean_shortcode_after_footer_widgets":"","ocean_shortcode_before_footer_bottom":"","ocean_shortcode_after_footer_bottom":"","ocean_display_top_bar":"off","ocean_display_header":"off","ocean_header_style":"","ocean_center_header_left_menu":"","ocean_custom_header_template":"","ocean_custom_logo":0,"ocean_custom_retina_logo":0,"ocean_custom_logo_max_width":0,"ocean_custom_logo_tablet_max_width":0,"ocean_custom_logo_mobile_max_width":0,"ocean_custom_logo_max_height":0,"ocean_custom_logo_tablet_max_height":0,"ocean_custom_logo_mobile_max_height":0,"ocean_header_custom_menu":"","ocean_menu_typo_font_family":"","ocean_menu_typo_font_subset":"","ocean_menu_typo_font_size":0,"ocean_menu_typo_font_size_tablet":0,"ocean_menu_typo_font_size_mobile":0,"ocean_menu_typo_font_size_unit":"px","ocean_menu_typo_font_weight":"","ocean_menu_typo_font_weight_tablet":"","ocean_menu_typo_font_weight_mobile":"","ocean_menu_typo_transform":"","ocean_menu_typo_transform_tablet":"","ocean_menu_typo_transform_mobile":"","ocean_menu_typo_line_height":0,"ocean_menu_typo_line_height_tablet":0,"ocean_menu_typo_line_height_mobile":0,"ocean_menu_typo_line_height_unit":"","ocean_menu_typo_spacing":0,"ocean_menu_typo_spacing_tablet":0,"ocean_menu_typo_spacing_mobile":0,"ocean_menu_typo_spacing_unit":"","ocean_menu_link_color":"","ocean_menu_link_color_hover":"","ocean_menu_link_color_active":"","ocean_menu_link_background":"","ocean_menu_link_hover_background":"","ocean_menu_link_active_background":"","ocean_menu_social_links_bg":"","ocean_menu_social_hover_links_bg":"","ocean_menu_social_links_color":"","ocean_menu_social_hover_links_color":"","ocean_disable_title":"on","ocean_disable_heading":"default","ocean_post_title":"","ocean_post_subheading":"","ocean_post_title_style":"","ocean_post_title_background_color":"","ocean_post_title_background":0,"ocean_post_title_bg_image_position":"","ocean_post_title_bg_image_attachment":"","ocean_post_title_bg_image_repeat":"","ocean_post_title_bg_image_size":"","ocean_post_title_height":0,"ocean_post_title_bg_overlay":0.5,"ocean_post_title_bg_overlay_color":"","ocean_disable_breadcrumbs":"default","ocean_breadcrumbs_color":"","ocean_breadcrumbs_separator_color":"","ocean_breadcrumbs_links_color":"","ocean_breadcrumbs_links_hover_color":"","ocean_display_footer_widgets":"off","ocean_display_footer_bottom":"off","ocean_custom_footer_template":"","footnotes":""},"class_list":["post-64","page","type-page","status-publish","hentry","entry"],"yoast_head":"<!-- This site is optimized with the Yoast SEO plugin v26.2 - https:\/\/yoast.com\/wordpress\/plugins\/seo\/ -->\n<title>Walk 3<\/title>\n<meta name=\"robots\" content=\"index, follow, max-snippet:-1, max-image-preview:large, max-video-preview:-1\" \/>\n<link rel=\"canonical\" href=\"https:\/\/www.engadinwalks.com\/it\/walk-3\/\" \/>\n<meta property=\"og:locale\" content=\"it_IT\" \/>\n<meta property=\"og:type\" content=\"article\" \/>\n<meta property=\"og:title\" content=\"Walk 3\" \/>\n<meta property=\"og:description\" content=\"Walk 3 Historic Village Stroll \u2013 Dive into the past with a cultural visit to villages like Samedan, Bever, Pontresina and Zuoz. Historic Village Stroll \u2013 A Journey Through Time [&hellip;]\" \/>\n<meta property=\"og:url\" content=\"https:\/\/www.engadinwalks.com\/it\/walk-3\/\" \/>\n<meta property=\"og:site_name\" content=\"ENGADINWALKS\" \/>\n<meta property=\"article:publisher\" content=\"https:\/\/facebook.com\/engadinwalks\" \/>\n<meta property=\"article:modified_time\" content=\"2025-05-26T15:48:38+00:00\" \/>\n<meta property=\"og:image\" content=\"https:\/\/www.engadinwalks.com\/wp-content\/uploads\/2025\/05\/Chamue-sh_-chiesa-esterno-Portone-scaled.jpg\" \/>\n\t<meta property=\"og:image:width\" content=\"1920\" \/>\n\t<meta property=\"og:image:height\" content=\"2560\" \/>\n\t<meta property=\"og:image:type\" content=\"image\/jpeg\" \/>\n<meta name=\"twitter:card\" content=\"summary_large_image\" \/>\n<meta name=\"twitter:label1\" content=\"Tempo di lettura stimato\" \/>\n\t<meta name=\"twitter:data1\" content=\"2 minuti\" \/>\n<script type=\"application\/ld+json\" class=\"yoast-schema-graph\">{\"@context\":\"https:\/\/schema.org\",\"@graph\":[{\"@type\":\"WebPage\",\"@id\":\"https:\/\/www.engadinwalks.com\/walk-3\/\",\"url\":\"https:\/\/www.engadinwalks.com\/walk-3\/\",\"name\":\"Walk 3\",\"isPartOf\":{\"@id\":\"https:\/\/www.engadinwalks.com\/#website\"},\"primaryImageOfPage\":{\"@id\":\"https:\/\/www.engadinwalks.com\/walk-3\/#primaryimage\"},\"image\":{\"@id\":\"https:\/\/www.engadinwalks.com\/walk-3\/#primaryimage\"},\"thumbnailUrl\":\"https:\/\/www.engadinwalks.com\/wp-content\/uploads\/2025\/05\/Bever_-Chesa-Salis-2-300x225.jpg\",\"datePublished\":\"2025-03-12T15:27:57+00:00\",\"dateModified\":\"2025-05-26T15:48:38+00:00\",\"breadcrumb\":{\"@id\":\"https:\/\/www.engadinwalks.com\/walk-3\/#breadcrumb\"},\"inLanguage\":\"it-IT\",\"potentialAction\":[{\"@type\":\"ReadAction\",\"target\":[\"https:\/\/www.engadinwalks.com\/walk-3\/\"]}]},{\"@type\":\"ImageObject\",\"inLanguage\":\"it-IT\",\"@id\":\"https:\/\/www.engadinwalks.com\/walk-3\/#primaryimage\",\"url\":\"https:\/\/www.engadinwalks.com\/wp-content\/uploads\/2025\/05\/Bever_-Chesa-Salis-2-300x225.jpg\",\"contentUrl\":\"https:\/\/www.engadinwalks.com\/wp-content\/uploads\/2025\/05\/Bever_-Chesa-Salis-2-300x225.jpg\"},{\"@type\":\"BreadcrumbList\",\"@id\":\"https:\/\/www.engadinwalks.com\/walk-3\/#breadcrumb\",\"itemListElement\":[{\"@type\":\"ListItem\",\"position\":1,\"name\":\"Home\",\"item\":\"https:\/\/www.engadinwalks.com\/\"},{\"@type\":\"ListItem\",\"position\":2,\"name\":\"Walk 3\"}]},{\"@type\":\"WebSite\",\"@id\":\"https:\/\/www.engadinwalks.com\/#website\",\"url\":\"https:\/\/www.engadinwalks.com\/\",\"name\":\"ENGADINWALKS.COM\",\"description\":\"Walks in Engadine\",\"publisher\":{\"@id\":\"https:\/\/www.engadinwalks.com\/#organization\"},\"potentialAction\":[{\"@type\":\"SearchAction\",\"target\":{\"@type\":\"EntryPoint\",\"urlTemplate\":\"https:\/\/www.engadinwalks.com\/?s={search_term_string}\"},\"query-input\":{\"@type\":\"PropertyValueSpecification\",\"valueRequired\":true,\"valueName\":\"search_term_string\"}}],\"inLanguage\":\"it-IT\"},{\"@type\":\"Organization\",\"@id\":\"https:\/\/www.engadinwalks.com\/#organization\",\"name\":\"ENGADINWALKS\",\"url\":\"https:\/\/www.engadinwalks.com\/\",\"logo\":{\"@type\":\"ImageObject\",\"inLanguage\":\"it-IT\",\"@id\":\"https:\/\/www.engadinwalks.com\/#\/schema\/logo\/image\/\",\"url\":\"https:\/\/www.engadinwalks.com\/wp-content\/uploads\/2025\/03\/cropped-cropped-cropped-cropped-Untitled-design.png\",\"contentUrl\":\"https:\/\/www.engadinwalks.com\/wp-content\/uploads\/2025\/03\/cropped-cropped-cropped-cropped-Untitled-design.png\",\"width\":511,\"height\":511,\"caption\":\"ENGADINWALKS\"},\"image\":{\"@id\":\"https:\/\/www.engadinwalks.com\/#\/schema\/logo\/image\/\"},\"sameAs\":[\"https:\/\/facebook.com\/engadinwalks\",\"https:\/\/instagram.com\/engadinwalks\"]}]}<\/script>\n<!-- \/ Yoast SEO plugin. -->","yoast_head_json":{"title":"Walk 3","robots":{"index":"index","follow":"follow","max-snippet":"max-snippet:-1","max-image-preview":"max-image-preview:large","max-video-preview":"max-video-preview:-1"},"canonical":"https:\/\/www.engadinwalks.com\/it\/walk-3\/","og_locale":"it_IT","og_type":"article","og_title":"Walk 3","og_description":"Walk 3 Historic Village Stroll \u2013 Dive into the past with a cultural visit to villages like Samedan, Bever, Pontresina and Zuoz. Historic Village Stroll \u2013 A Journey Through Time [&hellip;]","og_url":"https:\/\/www.engadinwalks.com\/it\/walk-3\/","og_site_name":"ENGADINWALKS","article_publisher":"https:\/\/facebook.com\/engadinwalks","article_modified_time":"2025-05-26T15:48:38+00:00","og_image":[{"width":1920,"height":2560,"url":"https:\/\/www.engadinwalks.com\/wp-content\/uploads\/2025\/05\/Chamue-sh_-chiesa-esterno-Portone-scaled.jpg","type":"image\/jpeg"}],"twitter_card":"summary_large_image","twitter_misc":{"Tempo di lettura stimato":"2 minuti"},"schema":{"@context":"https:\/\/schema.org","@graph":[{"@type":"WebPage","@id":"https:\/\/www.engadinwalks.com\/walk-3\/","url":"https:\/\/www.engadinwalks.com\/walk-3\/","name":"Walk 3","isPartOf":{"@id":"https:\/\/www.engadinwalks.com\/#website"},"primaryImageOfPage":{"@id":"https:\/\/www.engadinwalks.com\/walk-3\/#primaryimage"},"image":{"@id":"https:\/\/www.engadinwalks.com\/walk-3\/#primaryimage"},"thumbnailUrl":"https:\/\/www.engadinwalks.com\/wp-content\/uploads\/2025\/05\/Bever_-Chesa-Salis-2-300x225.jpg","datePublished":"2025-03-12T15:27:57+00:00","dateModified":"2025-05-26T15:48:38+00:00","breadcrumb":{"@id":"https:\/\/www.engadinwalks.com\/walk-3\/#breadcrumb"},"inLanguage":"it-IT","potentialAction":[{"@type":"ReadAction","target":["https:\/\/www.engadinwalks.com\/walk-3\/"]}]},{"@type":"ImageObject","inLanguage":"it-IT","@id":"https:\/\/www.engadinwalks.com\/walk-3\/#primaryimage","url":"https:\/\/www.engadinwalks.com\/wp-content\/uploads\/2025\/05\/Bever_-Chesa-Salis-2-300x225.jpg","contentUrl":"https:\/\/www.engadinwalks.com\/wp-content\/uploads\/2025\/05\/Bever_-Chesa-Salis-2-300x225.jpg"},{"@type":"BreadcrumbList","@id":"https:\/\/www.engadinwalks.com\/walk-3\/#breadcrumb","itemListElement":[{"@type":"ListItem","position":1,"name":"Home","item":"https:\/\/www.engadinwalks.com\/"},{"@type":"ListItem","position":2,"name":"Walk 3"}]},{"@type":"WebSite","@id":"https:\/\/www.engadinwalks.com\/#website","url":"https:\/\/www.engadinwalks.com\/","name":"ENGADINWALKS.COM","description":"Passeggiate in Engadina","publisher":{"@id":"https:\/\/www.engadinwalks.com\/#organization"},"potentialAction":[{"@type":"SearchAction","target":{"@type":"EntryPoint","urlTemplate":"https:\/\/www.engadinwalks.com\/?s={search_term_string}"},"query-input":{"@type":"PropertyValueSpecification","valueRequired":true,"valueName":"search_term_string"}}],"inLanguage":"it-IT"},{"@type":"Organization","@id":"https:\/\/www.engadinwalks.com\/#organization","name":"PASSEGGIATE IN ENGADINA","url":"https:\/\/www.engadinwalks.com\/","logo":{"@type":"ImageObject","inLanguage":"it-IT","@id":"https:\/\/www.engadinwalks.com\/#\/schema\/logo\/image\/","url":"https:\/\/www.engadinwalks.com\/wp-content\/uploads\/2025\/03\/cropped-cropped-cropped-cropped-Untitled-design.png","contentUrl":"https:\/\/www.engadinwalks.com\/wp-content\/uploads\/2025\/03\/cropped-cropped-cropped-cropped-Untitled-design.png","width":511,"height":511,"caption":"ENGADINWALKS"},"image":{"@id":"https:\/\/www.engadinwalks.com\/#\/schema\/logo\/image\/"},"sameAs":["https:\/\/facebook.com\/engadinwalks","https:\/\/instagram.com\/engadinwalks"]}]}},"_links":{"self":[{"href":"https:\/\/www.engadinwalks.com\/it\/wp-json\/wp\/v2\/pages\/64","targetHints":{"allow":["GET"]}}],"collection":[{"href":"https:\/\/www.engadinwalks.com\/it\/wp-json\/wp\/v2\/pages"}],"about":[{"href":"https:\/\/www.engadinwalks.com\/it\/wp-json\/wp\/v2\/types\/page"}],"author":[{"embeddable":true,"href":"https:\/\/www.engadinwalks.com\/it\/wp-json\/wp\/v2\/users\/1"}],"replies":[{"embeddable":true,"href":"https:\/\/www.engadinwalks.com\/it\/wp-json\/wp\/v2\/comments?post=64"}],"version-history":[{"count":127,"href":"https:\/\/www.engadinwalks.com\/it\/wp-json\/wp\/v2\/pages\/64\/revisions"}],"predecessor-version":[{"id":4837,"href":"https:\/\/www.engadinwalks.com\/it\/wp-json\/wp\/v2\/pages\/64\/revisions\/4837"}],"wp:attachment":[{"href":"https:\/\/www.engadinwalks.com\/it\/wp-json\/wp\/v2\/media?parent=64"}],"curies":[{"name":"wp","href":"https:\/\/api.w.org\/{rel}","templated":true}]}}