{"id":44,"date":"2025-03-12T15:46:54","date_gmt":"2025-03-12T14:46:54","guid":{"rendered":"https:\/\/engadinwalks.com\/?page_id=44"},"modified":"2025-07-02T11:53:58","modified_gmt":"2025-07-02T09:53:58","slug":"walk-1","status":"publish","type":"page","link":"https:\/\/www.engadinwalks.com\/it\/walk-1\/","title":{"rendered":"Walk  1"},"content":{"rendered":"<div data-elementor-type=\"wp-page\" data-elementor-id=\"44\" class=\"elementor elementor-44\">\n\t\t\t\t<div class=\"elementor-element elementor-element-5d2ec819 e-flex e-con-boxed elementor-invisible e-con e-parent\" data-id=\"5d2ec819\" data-element_type=\"container\" data-settings=\"{&quot;background_background&quot;:&quot;classic&quot;,&quot;animation&quot;:&quot;fadeIn&quot;}\">\n\t\t\t\t\t<div class=\"e-con-inner\">\n\t\t<div class=\"elementor-element elementor-element-6ac545d8 e-con-full e-flex e-con e-child\" data-id=\"6ac545d8\" data-element_type=\"container\">\n\t\t<div class=\"elementor-element elementor-element-5468a9f6 e-con-full e-flex e-con e-child\" data-id=\"5468a9f6\" data-element_type=\"container\">\n\t\t<div class=\"elementor-element elementor-element-28802c81 e-con-full e-flex e-con e-child\" data-id=\"28802c81\" data-element_type=\"container\">\n\t\t\t\t<div class=\"elementor-element elementor-element-336f50fd elementor-invisible elementor-widget elementor-widget-heading\" data-id=\"336f50fd\" data-element_type=\"widget\" data-settings=\"{&quot;_animation&quot;:&quot;fadeInUp&quot;,&quot;_animation_delay&quot;:400}\" data-widget_type=\"heading.default\">\n\t\t\t\t<div class=\"elementor-widget-container\">\n\t\t\t\t\t<h1 class=\"elementor-heading-title elementor-size-default\">Walk 1<\/h1>\t\t\t\t<\/div>\n\t\t\t\t<\/div>\n\t\t\t\t<div class=\"elementor-element elementor-element-7ab06c16 elementor-invisible elementor-widget elementor-widget-text-editor\" data-id=\"7ab06c16\" data-element_type=\"widget\" data-settings=\"{&quot;_animation&quot;:&quot;fadeInUp&quot;,&quot;_animation_delay&quot;:500}\" data-widget_type=\"text-editor.default\">\n\t\t\t\t<div class=\"elementor-widget-container\">\n\t\t\t\t\t\t\t\t\t<p><strong>Arte &amp; Architettura<\/strong> \u2013 Scopri il patrimonio della regione, dalle tradizionali case affrescate ai capolavori moderni.<\/p>\t\t\t\t\t\t\t\t<\/div>\n\t\t\t\t<\/div>\n\t\t\t\t<\/div>\n\t\t\t\t<\/div>\n\t\t\t\t<\/div>\n\t\t\t\t\t<\/div>\n\t\t\t\t<\/div>\n\t\t<div class=\"elementor-element elementor-element-140218ec e-flex e-con-boxed e-con e-parent\" data-id=\"140218ec\" data-element_type=\"container\" data-settings=\"{&quot;background_background&quot;:&quot;classic&quot;}\">\n\t\t\t\t\t<div class=\"e-con-inner\">\n\t\t<div class=\"elementor-element elementor-element-6b08a9e2 e-con-full e-flex e-con e-child\" data-id=\"6b08a9e2\" data-element_type=\"container\">\n\t\t\t\t<div class=\"elementor-element elementor-element-4cf3529e elementor-widget__width-initial elementor-invisible elementor-widget elementor-widget-text-editor\" data-id=\"4cf3529e\" data-element_type=\"widget\" data-settings=\"{&quot;_animation&quot;:&quot;fadeInUp&quot;,&quot;_animation_delay&quot;:500}\" data-widget_type=\"text-editor.default\">\n\t\t\t\t<div class=\"elementor-widget-container\">\n\t\t\t\t\t\t\t\t\t<p><strong>Arte &amp; Architettura a piedi \u2013 Un Viaggio Attraverso la Creativit\u00e0 e il Design<\/strong><\/p><p>Questa proposta di escursione vi condurr\u00e0 attraverso lo splendido paesaggio architettonico dell&#039;Engadina, dove il design tradizionale e moderno si fondono in armonia. L&#039;itinerario mette in risalto diversi monumenti ed edifici che rispettano il patrimonio culturale della zona, introducendo al contempo design innovativi che si integrano perfettamente con l&#039;ambiente naturale circostante. I visitatori avranno probabilmente bisogno di auto, bicicletta o treno per spostarsi tra le citt\u00e0. Di seguito sono riportati alcuni punti salienti:<\/p><ul><li><strong>Silvaplana:<\/strong> Visita Land Art ad Albanatscha, di Ruch &amp; Partners Architekten, una fusione unica tra arte e natura.<\/li><li><strong>St. Moritz:<\/strong> Chesa Futura (in romancio &quot;casa del futuro&quot;), progettata da Foster + Partners, punta sulla sostenibilit\u00e0 e sui materiali locali. Il vecchio Stadio Olimpico, riprogettato da K\u00fcchel Architects, un tempo ospit\u00f2 le cerimonie di apertura e chiusura delle Olimpiadi del 1948. La Cresta Run Clubhouse, un sito storico rivisitato con un design moderno.<\/li><li><strong>Samedan:<\/strong> Mineralbad &amp; Spa Samedan, progettato da Quintus Miller e Paola Maranta, si integra perfettamente nel villaggio e nei suoi dintorni, seguendo la filosofia del \u201ccontinuare a costruire il luogo\u201d.<\/li><li><strong>La Punt\/Chamues-ch: <\/strong>Scoprite l&#039;Hotel Krone e la Chesa Merleda, due progetti dello studio Ruch &amp; Partners Architekten che danno nuova vita alle tradizionali case dell&#039;Engadina.<\/li><li><strong>Zuoz: <\/strong>Visitate Chesa Albertini e Chesa Madalena, sempre di Ruch &amp; Partners Architekten, che fondono l&#039;architettura tradizionale con gallerie d&#039;arte contemporanea.<\/li><\/ul><p><strong><em><u>Informazioni Importanti:<\/u><\/em><\/strong><\/p><ul><li><strong>Cosa Portare:<\/strong> Un piccolo zaino con acqua, snack, pranzo al sacco.<\/li><li><strong>Dress Code:<\/strong> Scarpe comode da passeggio, indumenti adatti alle condizioni atmosferiche e una giacca antipioggia.<\/li><\/ul>\t\t\t\t\t\t\t\t<\/div>\n\t\t\t\t<\/div>\n\t\t\t\t<\/div>\n\t\t\t\t\t<\/div>\n\t\t\t\t<\/div>\n\t\t<div class=\"elementor-element elementor-element-50870c4d e-flex e-con-boxed e-con e-parent\" data-id=\"50870c4d\" data-element_type=\"container\" data-settings=\"{&quot;background_background&quot;:&quot;classic&quot;}\">\n\t\t\t\t\t<div class=\"e-con-inner\">\n\t\t<div class=\"elementor-element elementor-element-2d0e99b e-flex e-con-boxed e-con e-child\" data-id=\"2d0e99b\" data-element_type=\"container\">\n\t\t\t\t\t<div class=\"e-con-inner\">\n\t\t<div class=\"elementor-element elementor-element-46c446fd e-con-full e-flex e-con e-child\" data-id=\"46c446fd\" data-element_type=\"container\">\n\t\t\t\t<div class=\"elementor-element elementor-element-357c19d3 elementor-invisible elementor-widget elementor-widget-image\" data-id=\"357c19d3\" data-element_type=\"widget\" data-settings=\"{&quot;_animation&quot;:&quot;fadeInUp&quot;,&quot;_animation_delay&quot;:300}\" data-widget_type=\"image.default\">\n\t\t\t\t<div class=\"elementor-widget-container\">\n\t\t\t\t\t\t\t\t\t\t\t\t\t\t\t\t<a href=\"https:\/\/www.engadinwalks.com\/wp-content\/uploads\/2025\/05\/Zuoz_Chesa-Albertini-scaled.jpg\" data-elementor-open-lightbox=\"yes\" data-elementor-lightbox-title=\"Zuoz_Chesa Albertini\" data-e-action-hash=\"#elementor-action%3Aaction%3Dlightbox%26settings%3DeyJpZCI6NDc0OCwidXJsIjoiaHR0cHM6XC9cL3d3dy5lbmdhZGlud2Fsa3MuY29tXC93cC1jb250ZW50XC91cGxvYWRzXC8yMDI1XC8wNVwvWnVvel9DaGVzYS1BbGJlcnRpbmktc2NhbGVkLmpwZyJ9\">\n\t\t\t\t\t\t\t<img fetchpriority=\"high\" decoding=\"async\" width=\"1024\" height=\"768\" src=\"https:\/\/www.engadinwalks.com\/wp-content\/uploads\/2025\/05\/Zuoz_Chesa-Albertini-1024x768.jpg\" class=\"elementor-animation-shrink attachment-large size-large wp-image-4748\" alt=\"\" srcset=\"https:\/\/www.engadinwalks.com\/wp-content\/uploads\/2025\/05\/Zuoz_Chesa-Albertini-1024x768.jpg 1024w, https:\/\/www.engadinwalks.com\/wp-content\/uploads\/2025\/05\/Zuoz_Chesa-Albertini-300x225.jpg 300w, https:\/\/www.engadinwalks.com\/wp-content\/uploads\/2025\/05\/Zuoz_Chesa-Albertini-768x576.jpg 768w, https:\/\/www.engadinwalks.com\/wp-content\/uploads\/2025\/05\/Zuoz_Chesa-Albertini-1536x1152.jpg 1536w, https:\/\/www.engadinwalks.com\/wp-content\/uploads\/2025\/05\/Zuoz_Chesa-Albertini-2048x1536.jpg 2048w, https:\/\/www.engadinwalks.com\/wp-content\/uploads\/2025\/05\/Zuoz_Chesa-Albertini-16x12.jpg 16w\" sizes=\"(max-width: 1024px) 100vw, 1024px\" \/>\t\t\t\t\t\t\t\t<\/a>\n\t\t\t\t\t\t\t\t\t\t\t\t\t\t\t<\/div>\n\t\t\t\t<\/div>\n\t\t\t\t<div class=\"elementor-element elementor-element-9f77dec elementor-invisible elementor-widget elementor-widget-heading\" data-id=\"9f77dec\" data-element_type=\"widget\" data-settings=\"{&quot;_animation&quot;:&quot;fadeInUp&quot;,&quot;_animation_delay&quot;:500}\" data-widget_type=\"heading.default\">\n\t\t\t\t<div class=\"elementor-widget-container\">\n\t\t\t\t\t<h2 class=\"elementor-heading-title elementor-size-default\"><a href=\"#\">Zuoz - Chesa Albertini<\/a><\/h2>\t\t\t\t<\/div>\n\t\t\t\t<\/div>\n\t\t\t\t<\/div>\n\t\t<div class=\"elementor-element elementor-element-35e0d7b5 e-con-full e-flex e-con e-child\" data-id=\"35e0d7b5\" data-element_type=\"container\">\n\t\t\t\t<div class=\"elementor-element elementor-element-5fdae9c1 elementor-invisible elementor-widget elementor-widget-image\" data-id=\"5fdae9c1\" data-element_type=\"widget\" data-settings=\"{&quot;_animation&quot;:&quot;fadeInUp&quot;,&quot;_animation_delay&quot;:400}\" data-widget_type=\"image.default\">\n\t\t\t\t<div class=\"elementor-widget-container\">\n\t\t\t\t\t\t\t\t\t\t\t\t\t\t\t\t<a href=\"https:\/\/www.engadinwalks.com\/wp-content\/uploads\/2025\/05\/St._Moritz__Cresta_Run_2-scaled.jpg\" data-elementor-open-lightbox=\"yes\" data-elementor-lightbox-title=\"St._Moritz__Cresta_Run_2\" data-e-action-hash=\"#elementor-action%3Aaction%3Dlightbox%26settings%3DeyJpZCI6NDc5OCwidXJsIjoiaHR0cHM6XC9cL3d3dy5lbmdhZGlud2Fsa3MuY29tXC93cC1jb250ZW50XC91cGxvYWRzXC8yMDI1XC8wNVwvU3QuX01vcml0el9fQ3Jlc3RhX1J1bl8yLXNjYWxlZC5qcGcifQ%3D%3D\">\n\t\t\t\t\t\t\t<img decoding=\"async\" width=\"800\" height=\"450\" src=\"https:\/\/www.engadinwalks.com\/wp-content\/uploads\/2025\/05\/St._Moritz__Cresta_Run_2-800x450.jpg\" class=\"elementor-animation-shrink attachment-ocean-thumb-ml size-ocean-thumb-ml wp-image-4798\" alt=\"\" \/>\t\t\t\t\t\t\t\t<\/a>\n\t\t\t\t\t\t\t\t\t\t\t\t\t\t\t<\/div>\n\t\t\t\t<\/div>\n\t\t\t\t<div class=\"elementor-element elementor-element-79cd0702 elementor-invisible elementor-widget elementor-widget-heading\" data-id=\"79cd0702\" data-element_type=\"widget\" data-settings=\"{&quot;_animation&quot;:&quot;fadeInUp&quot;,&quot;_animation_delay&quot;:500}\" data-widget_type=\"heading.default\">\n\t\t\t\t<div class=\"elementor-widget-container\">\n\t\t\t\t\t<h2 class=\"elementor-heading-title elementor-size-default\"><a href=\"#\">St. Moritz - Pista Cresta<\/a><\/h2>\t\t\t\t<\/div>\n\t\t\t\t<\/div>\n\t\t\t\t<\/div>\n\t\t<div class=\"elementor-element elementor-element-8f94e20 e-con-full e-flex e-con e-child\" data-id=\"8f94e20\" data-element_type=\"container\">\n\t\t\t\t<div class=\"elementor-element elementor-element-564b778 elementor-invisible elementor-widget elementor-widget-image\" data-id=\"564b778\" data-element_type=\"widget\" data-settings=\"{&quot;_animation&quot;:&quot;fadeInUp&quot;,&quot;_animation_delay&quot;:500}\" data-widget_type=\"image.default\">\n\t\t\t\t<div class=\"elementor-widget-container\">\n\t\t\t\t\t\t\t\t\t\t\t\t\t\t\t\t<a href=\"https:\/\/www.engadinwalks.com\/wp-content\/uploads\/2025\/05\/Chamues-ch___chesa_merleda_2-scaled-e1748273438769.jpg\" data-elementor-open-lightbox=\"yes\" data-elementor-lightbox-title=\"Chamues-ch___chesa_merleda_2\" data-e-action-hash=\"#elementor-action%3Aaction%3Dlightbox%26settings%3DeyJpZCI6NDgxNywidXJsIjoiaHR0cHM6XC9cL3d3dy5lbmdhZGlud2Fsa3MuY29tXC93cC1jb250ZW50XC91cGxvYWRzXC8yMDI1XC8wNVwvQ2hhbXVlcy1jaF9fX2NoZXNhX21lcmxlZGFfMi1zY2FsZWQtZTE3NDgyNzM0Mzg3NjkuanBnIn0%3D\">\n\t\t\t\t\t\t\t<img decoding=\"async\" width=\"800\" height=\"450\" src=\"https:\/\/www.engadinwalks.com\/wp-content\/uploads\/2025\/05\/Chamues-ch___chesa_merleda_2-scaled-e1748273438769-800x450.jpg\" class=\"elementor-animation-shrink attachment-ocean-thumb-ml size-ocean-thumb-ml wp-image-4817\" alt=\"\" \/>\t\t\t\t\t\t\t\t<\/a>\n\t\t\t\t\t\t\t\t\t\t\t\t\t\t\t<\/div>\n\t\t\t\t<\/div>\n\t\t\t\t<div class=\"elementor-element elementor-element-0b6aaf7 elementor-invisible elementor-widget elementor-widget-heading\" data-id=\"0b6aaf7\" data-element_type=\"widget\" data-settings=\"{&quot;_animation&quot;:&quot;fadeInUp&quot;,&quot;_animation_delay&quot;:500}\" data-widget_type=\"heading.default\">\n\t\t\t\t<div class=\"elementor-widget-container\">\n\t\t\t\t\t<h2 class=\"elementor-heading-title elementor-size-default\"><a href=\"#\">La Punt - Chamues-ch<\/a><\/h2>\t\t\t\t<\/div>\n\t\t\t\t<\/div>\n\t\t\t\t<\/div>\n\t\t\t\t\t<\/div>\n\t\t\t\t<\/div>\n\t\t\t\t\t<\/div>\n\t\t\t\t<\/div>\n\t\t<div class=\"elementor-element elementor-element-4fe9248 e-flex e-con-boxed e-con e-parent\" data-id=\"4fe9248\" data-element_type=\"container\">\n\t\t\t\t\t<div class=\"e-con-inner\">\n\t\t\t\t<div class=\"elementor-element elementor-element-53cca88 elementor-widget elementor-widget-copyright\" data-id=\"53cca88\" data-element_type=\"widget\" data-widget_type=\"copyright.default\">\n\t\t\t\t<div class=\"elementor-widget-container\">\n\t\t\t\t\t\t\t<div class=\"hfe-copyright-wrapper\">\n\t\t\t\t\t\t\t<span>Copyright \u00a9 2026 ENGADINWALKS | Powered by ENGADINWALKS<\/span>\n\t\t\t\t\t<\/div>\n\t\t\t\t\t\t<\/div>\n\t\t\t\t<\/div>\n\t\t\t\t\t<\/div>\n\t\t\t\t<\/div>\n\t\t<div class=\"elementor-element elementor-element-4b73897 e-flex e-con-boxed e-con e-parent\" data-id=\"4b73897\" data-element_type=\"container\">\n\t\t\t\t\t<div class=\"e-con-inner\">\n\t\t\t\t\t<\/div>\n\t\t\t\t<\/div>\n\t\t\t\t<\/div>","protected":false},"excerpt":{"rendered":"<p>Passeggiata 1: Arte e Architettura \u2013 Scopri il patrimonio della regione, dalle tradizionali case affrescate ai capolavori moderni. Passeggiata Arte e Architettura \u2013 Un viaggio attraverso la creativit\u00e0 e il design. Questo [\u2026]<\/p>","protected":false},"author":1,"featured_media":0,"parent":0,"menu_order":0,"comment_status":"closed","ping_status":"closed","template":"","meta":{"ocean_post_layout":"full-screen","ocean_both_sidebars_style":"","ocean_both_sidebars_content_width":0,"ocean_both_sidebars_sidebars_width":0,"ocean_sidebar":"","ocean_second_sidebar":"","ocean_disable_margins":"enable","ocean_add_body_class":"","ocean_shortcode_before_top_bar":"","ocean_shortcode_after_top_bar":"","ocean_shortcode_before_header":"","ocean_shortcode_after_header":"","ocean_has_shortcode":"","ocean_shortcode_after_title":"","ocean_shortcode_before_footer_widgets":"","ocean_shortcode_after_footer_widgets":"","ocean_shortcode_before_footer_bottom":"","ocean_shortcode_after_footer_bottom":"","ocean_display_top_bar":"off","ocean_display_header":"default","ocean_header_style":"","ocean_center_header_left_menu":"","ocean_custom_header_template":"","ocean_custom_logo":0,"ocean_custom_retina_logo":0,"ocean_custom_logo_max_width":0,"ocean_custom_logo_tablet_max_width":0,"ocean_custom_logo_mobile_max_width":0,"ocean_custom_logo_max_height":0,"ocean_custom_logo_tablet_max_height":0,"ocean_custom_logo_mobile_max_height":0,"ocean_header_custom_menu":"","ocean_menu_typo_font_family":"","ocean_menu_typo_font_subset":"","ocean_menu_typo_font_size":0,"ocean_menu_typo_font_size_tablet":0,"ocean_menu_typo_font_size_mobile":0,"ocean_menu_typo_font_size_unit":"px","ocean_menu_typo_font_weight":"","ocean_menu_typo_font_weight_tablet":"","ocean_menu_typo_font_weight_mobile":"","ocean_menu_typo_transform":"","ocean_menu_typo_transform_tablet":"","ocean_menu_typo_transform_mobile":"","ocean_menu_typo_line_height":0,"ocean_menu_typo_line_height_tablet":0,"ocean_menu_typo_line_height_mobile":0,"ocean_menu_typo_line_height_unit":"","ocean_menu_typo_spacing":0,"ocean_menu_typo_spacing_tablet":0,"ocean_menu_typo_spacing_mobile":0,"ocean_menu_typo_spacing_unit":"","ocean_menu_link_color":"","ocean_menu_link_color_hover":"","ocean_menu_link_color_active":"","ocean_menu_link_background":"","ocean_menu_link_hover_background":"","ocean_menu_link_active_background":"","ocean_menu_social_links_bg":"","ocean_menu_social_hover_links_bg":"","ocean_menu_social_links_color":"","ocean_menu_social_hover_links_color":"","ocean_disable_title":"on","ocean_disable_heading":"default","ocean_post_title":"","ocean_post_subheading":"","ocean_post_title_style":"","ocean_post_title_background_color":"","ocean_post_title_background":0,"ocean_post_title_bg_image_position":"","ocean_post_title_bg_image_attachment":"","ocean_post_title_bg_image_repeat":"","ocean_post_title_bg_image_size":"","ocean_post_title_height":0,"ocean_post_title_bg_overlay":0.5,"ocean_post_title_bg_overlay_color":"","ocean_disable_breadcrumbs":"default","ocean_breadcrumbs_color":"","ocean_breadcrumbs_separator_color":"","ocean_breadcrumbs_links_color":"","ocean_breadcrumbs_links_hover_color":"","ocean_display_footer_widgets":"off","ocean_display_footer_bottom":"off","ocean_custom_footer_template":"","footnotes":""},"class_list":["post-44","page","type-page","status-publish","hentry","entry"],"yoast_head":"<!-- This site is optimized with the Yoast SEO plugin v26.2 - https:\/\/yoast.com\/wordpress\/plugins\/seo\/ -->\n<title>Walk 1<\/title>\n<meta name=\"robots\" content=\"index, follow, max-snippet:-1, max-image-preview:large, max-video-preview:-1\" \/>\n<link rel=\"canonical\" href=\"https:\/\/www.engadinwalks.com\/it\/walk-1\/\" \/>\n<meta property=\"og:locale\" content=\"it_IT\" \/>\n<meta property=\"og:type\" content=\"article\" \/>\n<meta property=\"og:title\" content=\"Walk 1\" \/>\n<meta property=\"og:description\" content=\"Walk 1 Art &amp; Architecture Walk \u2013 Discover the region&#8217;s heritage, from traditional frescoed houses to modern masterpieces. Art &amp; Architecture Walk \u2013 A Journey Through Creativity and Design This [&hellip;]\" \/>\n<meta property=\"og:url\" content=\"https:\/\/www.engadinwalks.com\/it\/walk-1\/\" \/>\n<meta property=\"og:site_name\" content=\"ENGADINWALKS\" \/>\n<meta property=\"article:publisher\" content=\"https:\/\/facebook.com\/engadinwalks\" \/>\n<meta property=\"article:modified_time\" content=\"2025-07-02T09:53:58+00:00\" \/>\n<meta property=\"og:image\" content=\"https:\/\/www.engadinwalks.com\/wp-content\/uploads\/2025\/05\/Zuoz_Chesa-Albertini-scaled.jpg\" \/>\n\t<meta property=\"og:image:width\" content=\"2560\" \/>\n\t<meta property=\"og:image:height\" content=\"1920\" \/>\n\t<meta property=\"og:image:type\" content=\"image\/jpeg\" \/>\n<meta name=\"twitter:card\" content=\"summary_large_image\" \/>\n<meta name=\"twitter:label1\" content=\"Tempo di lettura stimato\" \/>\n\t<meta name=\"twitter:data1\" content=\"2 minuti\" \/>\n<script type=\"application\/ld+json\" class=\"yoast-schema-graph\">{\"@context\":\"https:\/\/schema.org\",\"@graph\":[{\"@type\":\"WebPage\",\"@id\":\"https:\/\/www.engadinwalks.com\/walk-1\/\",\"url\":\"https:\/\/www.engadinwalks.com\/walk-1\/\",\"name\":\"Walk 1\",\"isPartOf\":{\"@id\":\"https:\/\/www.engadinwalks.com\/#website\"},\"primaryImageOfPage\":{\"@id\":\"https:\/\/www.engadinwalks.com\/walk-1\/#primaryimage\"},\"image\":{\"@id\":\"https:\/\/www.engadinwalks.com\/walk-1\/#primaryimage\"},\"thumbnailUrl\":\"https:\/\/www.engadinwalks.com\/wp-content\/uploads\/2025\/05\/Zuoz_Chesa-Albertini-1024x768.jpg\",\"datePublished\":\"2025-03-12T14:46:54+00:00\",\"dateModified\":\"2025-07-02T09:53:58+00:00\",\"breadcrumb\":{\"@id\":\"https:\/\/www.engadinwalks.com\/walk-1\/#breadcrumb\"},\"inLanguage\":\"it-IT\",\"potentialAction\":[{\"@type\":\"ReadAction\",\"target\":[\"https:\/\/www.engadinwalks.com\/walk-1\/\"]}]},{\"@type\":\"ImageObject\",\"inLanguage\":\"it-IT\",\"@id\":\"https:\/\/www.engadinwalks.com\/walk-1\/#primaryimage\",\"url\":\"https:\/\/www.engadinwalks.com\/wp-content\/uploads\/2025\/05\/Zuoz_Chesa-Albertini-1024x768.jpg\",\"contentUrl\":\"https:\/\/www.engadinwalks.com\/wp-content\/uploads\/2025\/05\/Zuoz_Chesa-Albertini-1024x768.jpg\"},{\"@type\":\"BreadcrumbList\",\"@id\":\"https:\/\/www.engadinwalks.com\/walk-1\/#breadcrumb\",\"itemListElement\":[{\"@type\":\"ListItem\",\"position\":1,\"name\":\"Home\",\"item\":\"https:\/\/www.engadinwalks.com\/\"},{\"@type\":\"ListItem\",\"position\":2,\"name\":\"Walk 1\"}]},{\"@type\":\"WebSite\",\"@id\":\"https:\/\/www.engadinwalks.com\/#website\",\"url\":\"https:\/\/www.engadinwalks.com\/\",\"name\":\"ENGADINWALKS.COM\",\"description\":\"Walks in Engadine\",\"publisher\":{\"@id\":\"https:\/\/www.engadinwalks.com\/#organization\"},\"potentialAction\":[{\"@type\":\"SearchAction\",\"target\":{\"@type\":\"EntryPoint\",\"urlTemplate\":\"https:\/\/www.engadinwalks.com\/?s={search_term_string}\"},\"query-input\":{\"@type\":\"PropertyValueSpecification\",\"valueRequired\":true,\"valueName\":\"search_term_string\"}}],\"inLanguage\":\"it-IT\"},{\"@type\":\"Organization\",\"@id\":\"https:\/\/www.engadinwalks.com\/#organization\",\"name\":\"ENGADINWALKS\",\"url\":\"https:\/\/www.engadinwalks.com\/\",\"logo\":{\"@type\":\"ImageObject\",\"inLanguage\":\"it-IT\",\"@id\":\"https:\/\/www.engadinwalks.com\/#\/schema\/logo\/image\/\",\"url\":\"https:\/\/www.engadinwalks.com\/wp-content\/uploads\/2025\/03\/cropped-cropped-cropped-cropped-Untitled-design.png\",\"contentUrl\":\"https:\/\/www.engadinwalks.com\/wp-content\/uploads\/2025\/03\/cropped-cropped-cropped-cropped-Untitled-design.png\",\"width\":511,\"height\":511,\"caption\":\"ENGADINWALKS\"},\"image\":{\"@id\":\"https:\/\/www.engadinwalks.com\/#\/schema\/logo\/image\/\"},\"sameAs\":[\"https:\/\/facebook.com\/engadinwalks\",\"https:\/\/instagram.com\/engadinwalks\"]}]}<\/script>\n<!-- \/ Yoast SEO plugin. -->","yoast_head_json":{"title":"Walk 1","robots":{"index":"index","follow":"follow","max-snippet":"max-snippet:-1","max-image-preview":"max-image-preview:large","max-video-preview":"max-video-preview:-1"},"canonical":"https:\/\/www.engadinwalks.com\/it\/walk-1\/","og_locale":"it_IT","og_type":"article","og_title":"Walk 1","og_description":"Walk 1 Art &amp; Architecture Walk \u2013 Discover the region&#8217;s heritage, from traditional frescoed houses to modern masterpieces. Art &amp; Architecture Walk \u2013 A Journey Through Creativity and Design This [&hellip;]","og_url":"https:\/\/www.engadinwalks.com\/it\/walk-1\/","og_site_name":"ENGADINWALKS","article_publisher":"https:\/\/facebook.com\/engadinwalks","article_modified_time":"2025-07-02T09:53:58+00:00","og_image":[{"width":2560,"height":1920,"url":"https:\/\/www.engadinwalks.com\/wp-content\/uploads\/2025\/05\/Zuoz_Chesa-Albertini-scaled.jpg","type":"image\/jpeg"}],"twitter_card":"summary_large_image","twitter_misc":{"Tempo di lettura stimato":"2 minuti"},"schema":{"@context":"https:\/\/schema.org","@graph":[{"@type":"WebPage","@id":"https:\/\/www.engadinwalks.com\/walk-1\/","url":"https:\/\/www.engadinwalks.com\/walk-1\/","name":"Walk 1","isPartOf":{"@id":"https:\/\/www.engadinwalks.com\/#website"},"primaryImageOfPage":{"@id":"https:\/\/www.engadinwalks.com\/walk-1\/#primaryimage"},"image":{"@id":"https:\/\/www.engadinwalks.com\/walk-1\/#primaryimage"},"thumbnailUrl":"https:\/\/www.engadinwalks.com\/wp-content\/uploads\/2025\/05\/Zuoz_Chesa-Albertini-1024x768.jpg","datePublished":"2025-03-12T14:46:54+00:00","dateModified":"2025-07-02T09:53:58+00:00","breadcrumb":{"@id":"https:\/\/www.engadinwalks.com\/walk-1\/#breadcrumb"},"inLanguage":"it-IT","potentialAction":[{"@type":"ReadAction","target":["https:\/\/www.engadinwalks.com\/walk-1\/"]}]},{"@type":"ImageObject","inLanguage":"it-IT","@id":"https:\/\/www.engadinwalks.com\/walk-1\/#primaryimage","url":"https:\/\/www.engadinwalks.com\/wp-content\/uploads\/2025\/05\/Zuoz_Chesa-Albertini-1024x768.jpg","contentUrl":"https:\/\/www.engadinwalks.com\/wp-content\/uploads\/2025\/05\/Zuoz_Chesa-Albertini-1024x768.jpg"},{"@type":"BreadcrumbList","@id":"https:\/\/www.engadinwalks.com\/walk-1\/#breadcrumb","itemListElement":[{"@type":"ListItem","position":1,"name":"Home","item":"https:\/\/www.engadinwalks.com\/"},{"@type":"ListItem","position":2,"name":"Walk 1"}]},{"@type":"WebSite","@id":"https:\/\/www.engadinwalks.com\/#website","url":"https:\/\/www.engadinwalks.com\/","name":"ENGADINWALKS.COM","description":"Passeggiate in Engadina","publisher":{"@id":"https:\/\/www.engadinwalks.com\/#organization"},"potentialAction":[{"@type":"SearchAction","target":{"@type":"EntryPoint","urlTemplate":"https:\/\/www.engadinwalks.com\/?s={search_term_string}"},"query-input":{"@type":"PropertyValueSpecification","valueRequired":true,"valueName":"search_term_string"}}],"inLanguage":"it-IT"},{"@type":"Organization","@id":"https:\/\/www.engadinwalks.com\/#organization","name":"PASSEGGIATE IN ENGADINA","url":"https:\/\/www.engadinwalks.com\/","logo":{"@type":"ImageObject","inLanguage":"it-IT","@id":"https:\/\/www.engadinwalks.com\/#\/schema\/logo\/image\/","url":"https:\/\/www.engadinwalks.com\/wp-content\/uploads\/2025\/03\/cropped-cropped-cropped-cropped-Untitled-design.png","contentUrl":"https:\/\/www.engadinwalks.com\/wp-content\/uploads\/2025\/03\/cropped-cropped-cropped-cropped-Untitled-design.png","width":511,"height":511,"caption":"ENGADINWALKS"},"image":{"@id":"https:\/\/www.engadinwalks.com\/#\/schema\/logo\/image\/"},"sameAs":["https:\/\/facebook.com\/engadinwalks","https:\/\/instagram.com\/engadinwalks"]}]}},"_links":{"self":[{"href":"https:\/\/www.engadinwalks.com\/it\/wp-json\/wp\/v2\/pages\/44","targetHints":{"allow":["GET"]}}],"collection":[{"href":"https:\/\/www.engadinwalks.com\/it\/wp-json\/wp\/v2\/pages"}],"about":[{"href":"https:\/\/www.engadinwalks.com\/it\/wp-json\/wp\/v2\/types\/page"}],"author":[{"embeddable":true,"href":"https:\/\/www.engadinwalks.com\/it\/wp-json\/wp\/v2\/users\/1"}],"replies":[{"embeddable":true,"href":"https:\/\/www.engadinwalks.com\/it\/wp-json\/wp\/v2\/comments?post=44"}],"version-history":[{"count":181,"href":"https:\/\/www.engadinwalks.com\/it\/wp-json\/wp\/v2\/pages\/44\/revisions"}],"predecessor-version":[{"id":4988,"href":"https:\/\/www.engadinwalks.com\/it\/wp-json\/wp\/v2\/pages\/44\/revisions\/4988"}],"wp:attachment":[{"href":"https:\/\/www.engadinwalks.com\/it\/wp-json\/wp\/v2\/media?parent=44"}],"curies":[{"name":"wp","href":"https:\/\/api.w.org\/{rel}","templated":true}]}}